{"id":235,"date":"2025-01-11T23:49:49","date_gmt":"2025-01-11T23:49:49","guid":{"rendered":"https:\/\/www.svdpelpaso.com\/?page_id=235"},"modified":"2026-01-19T22:26:19","modified_gmt":"2026-01-19T22:26:19","slug":"home","status":"publish","type":"page","link":"https:\/\/www.svdpelpaso.com\/es\/","title":{"rendered":"Inicio"},"content":{"rendered":"<h2>\n\t\tSVDP Thrift Store (2104 N. Piedras El Paso TX 79930) necesita donaciones de ropa, por favor.\n\t<\/h2>\n<h2>\n\t\tQualquier peque\u00f1a contribuci\u00f3n nos ayuda a contributor a nuestra comunidad.\n\t<\/h2>\n\n\t\t\t\t<img loading=\"lazy\" decoding=\"async\" src=\"https:\/\/www.svdpelpaso.com\/wp-content\/uploads\/2025\/01\/cropped-STVdeP_logoAsset-3@4x.png\" alt=\"https:\/\/www.svdpelpaso.com\/wp-content\/uploads\/2025\/01\/cropped-STVdeP_logoAsset-3@4x.png\" itemprop=\"image\" height=\"512\" width=\"512\" title=\"cropped-STVdeP_logoAsset-3@4x.png\" onerror=\"this.style.display='none'\"  \/>\n<h2>\n\t\tPrep\u00e1rense para el Torneo Ben\u00e9fico de Golf de St. Vincent de Paul 2026.\n\t<\/h2>\n\t<style>\n::-webkit-scrollbar{\n\twidth: 0.8vw;\n    height: 0.8vw;\n\tbackground: #ffffff;\n}\n::-webkit-scrollbar-thumb{\n\tbackground: -webkit-linear-gradient(transparent,#272935);\n\tbackground: linear-gradient(transparent,#1e73be);\n\tborder-radius: 15px;\n}\n::-webkit-scrollbar-thumb:hover{\n\tbackground-color: #1e73be5;\n\tbackground-color: #1e73be;\n}\n<\/style>\n\t<h2>\u00a1Ya est\u00e1n abiertas las inscripciones para el Torneo de Golf St. Vincent de Paul 2026! Haz clic en el enlace a continuaci\u00f3n para inscribirte ahora.<\/h2>\n\t\t\t<img decoding=\"async\" loading='false' src=\"https:\/\/www.svdpelpaso.com\/wp-content\/uploads\/2025\/06\/IMG_7048-scaled.jpg\" alt=\"\" \/>\t\t\t\n\t\t\t<img decoding=\"async\" loading='false' src=\"https:\/\/www.svdpelpaso.com\/wp-content\/uploads\/2025\/06\/IMG_7009-scaled.jpg\" alt=\"\" \/>\t\t\t\n\t\t\t<img decoding=\"async\" loading='false' src=\"https:\/\/www.svdpelpaso.com\/wp-content\/uploads\/2025\/06\/IMG_7691.jpeg\" alt=\"\" \/>\t\t\t\n\t\t\t<a href=\"https:\/\/www.svdpelpaso.com\/es\/charity-golf-tournament-2026\/\" target=\"_self\">\n\t\t\t\t\t\t\tVer m\u00e1s\n\t\t\t\t\t<\/a>\n\t\t\t<img decoding=\"async\" loading='false' src=\"https:\/\/www.svdpelpaso.com\/wp-content\/uploads\/2025\/01\/Ribbon-Cutting-scaled.jpg\" alt=\"\" \/>\t\t\t\n\t\t\t<img decoding=\"async\" loading='false' src=\"https:\/\/www.svdpelpaso.com\/wp-content\/uploads\/2023\/06\/different-people-doing-volunteer-work-1-1-scaled.jpg\" alt=\"\" \/>\t\t\t\n\t\t\t<img decoding=\"async\" loading='false' src=\"https:\/\/www.svdpelpaso.com\/wp-content\/uploads\/2025\/01\/Marsha-scaled.jpg\" alt=\"\" \/>\t\t\t\n\t<h2>Ama A Tu Vecino<\/h2>\n\t<p>The Society of St. Vincent de Paul USA harnesses the power of community and partnerships to feed, clothe, house and heal individuals and families in our community who have nowhere else to turn for help.\u00a0 Our volunteer members &#8211; known as Vincentians &#8211; are women and men who are compelled by our Catholic Christian faith to serve those who are needy and suffering.<\/p>\n<p>Desde asistencia para el alquiler y prevenci\u00f3n de personas sin hogar, hasta tiendas de segunda mano y despensas de alimentos, recuperaci\u00f3n de desastres y farmacias ben\u00e9ficas, compartimos nuestro tiempo y valoramos los que necesitan ayuda y esperanza. Creemos que TODOS merecen una oportunidad justa de tener un futuro brillante, independientemente de sus ingresos o circunstancias de vida.<\/p>\n\t<p>Ay\u00fadanos Ayudar a Otros<\/p>\n\t<h3>Si usted necesita asistencia<\/h3>\n<hr \/>\n\n\t\t\t\t<img loading=\"lazy\" decoding=\"async\" src=\"https:\/\/www.svdpelpaso.com\/wp-content\/uploads\/2023\/08\/3kids.jpg\" alt=\"3kids\" itemprop=\"image\" height=\"420\" width=\"495\" title=\"3kids\" onerror=\"this.style.display='none'\"  \/>\n\t\t\t<a href=\"https:\/\/www.svdpelpaso.com\/es\/assistance\/\" target=\"_self\">\n\t\t\t\t\t\t\tAprende m\u00e1s\n\t\t\t\t\t<\/a>\n\t<h3>Si quieres ser voluntario\/ayudar a otros<\/h3>\n<hr \/>\n\n\t\t\t\t<img loading=\"lazy\" decoding=\"async\" src=\"https:\/\/www.svdpelpaso.com\/wp-content\/uploads\/2025\/01\/pexels-julia-m-cameron-6995221-scaled.jpg\" alt=\"pexels-julia-m-cameron-6995221\" itemprop=\"image\" height=\"1707\" width=\"2560\" title=\"pexels-julia-m-cameron-6995221\" onerror=\"this.style.display='none'\"  \/>\n\t\t\t<a href=\"https:\/\/www.svdpelpaso.com\/es\/donate-2\/\" target=\"_self\">\n\t\t\t\t\t\t\tAprende m\u00e1s\n\t\t\t\t\t<\/a>\n\t<h3>Para quienes buscan el asilo<\/h3>\n<hr \/>\n\n\t\t\t\t<img loading=\"lazy\" decoding=\"async\" src=\"https:\/\/www.svdpelpaso.com\/wp-content\/uploads\/2025\/01\/team1.png\" alt=\"team1\" itemprop=\"image\" height=\"355\" width=\"500\" title=\"team1\" onerror=\"this.style.display='none'\"  \/>\n\t<iframe src=\"https:\/\/www.google.com\/maps\/embed\/v1\/place?q=2104+N.+Piedras%2C+El+Paso%2C+Tx%2C+79930&#038;key=AIzaSyD09zQ9PNDNNy9TadMuzRV_UsPUoWKntt8\" aria-hidden=\"true\" title=\"STVdeP. El Paso\"><\/iframe>\n\t<p>POR FAVOR DONE SUS ART\u00cdCULOS NO DESEADOS A NUESTRA TIENDA DE SEGUNDA MANO <\/p>\n\n\t<p>Ubicacion: 2104 N. Piedras, El Paso, TX 79930.<\/p>\n<p>Hours: 8:30 am TO 5:30 pm &#8211; Monday Through Saturday .<\/p>\n<p>Llame al (915) 564-4357 para Coordinar la Recogida de Art\u00edculos Pesados<\/p>\n\t<p>\u00a9 2026 National Council of the U.S., Society of St. Vincent de Paul | National Office <a href=\"http:\/\/svdpusa.org\">svdpusa.org<\/a>.<\/p>","protected":false},"excerpt":{"rendered":"<p>SVDP Thrift Store (2104 N. Piedras El Paso TX 79930) is in need of Clothing Donations please. Every little bit helps us help our community in need. Prepare for the St. Vincent de Paul 2026 Charity Golf Tournament Entries for the St. Vincent de Paul 2026 Golf Tournament are now live, click on the link&hellip;<\/p>","protected":false},"author":1,"featured_media":0,"parent":0,"menu_order":0,"comment_status":"closed","ping_status":"closed","template":"tpl-no-header-footer.php","meta":{"footnotes":""},"class_list":["post-235","page","type-page","status-publish","hentry"],"_links":{"self":[{"href":"https:\/\/www.svdpelpaso.com\/es\/wp-json\/wp\/v2\/pages\/235","targetHints":{"allow":["GET"]}}],"collection":[{"href":"https:\/\/www.svdpelpaso.com\/es\/wp-json\/wp\/v2\/pages"}],"about":[{"href":"https:\/\/www.svdpelpaso.com\/es\/wp-json\/wp\/v2\/types\/page"}],"author":[{"embeddable":true,"href":"https:\/\/www.svdpelpaso.com\/es\/wp-json\/wp\/v2\/users\/1"}],"replies":[{"embeddable":true,"href":"https:\/\/www.svdpelpaso.com\/es\/wp-json\/wp\/v2\/comments?post=235"}],"version-history":[{"count":69,"href":"https:\/\/www.svdpelpaso.com\/es\/wp-json\/wp\/v2\/pages\/235\/revisions"}],"predecessor-version":[{"id":551,"href":"https:\/\/www.svdpelpaso.com\/es\/wp-json\/wp\/v2\/pages\/235\/revisions\/551"}],"wp:attachment":[{"href":"https:\/\/www.svdpelpaso.com\/es\/wp-json\/wp\/v2\/media?parent=235"}],"curies":[{"name":"wp","href":"https:\/\/api.w.org\/{rel}","templated":true}]}}