{"id":267,"date":"2025-01-14T02:47:51","date_gmt":"2025-01-14T02:47:51","guid":{"rendered":"https:\/\/www.svdpelpaso.com\/?page_id=267"},"modified":"2026-01-15T02:40:40","modified_gmt":"2026-01-15T02:40:40","slug":"assistance","status":"publish","type":"page","link":"https:\/\/www.svdpelpaso.com\/es\/assistance\/","title":{"rendered":"Asistencia"},"content":{"rendered":"<img loading=\"lazy\" decoding=\"async\" src=\"https:\/\/www.svdpelpaso.com\/wp-content\/uploads\/2025\/01\/cropped-STVdeP_logoAsset-3@4x.png\" alt=\"https:\/\/www.svdpelpaso.com\/wp-content\/uploads\/2025\/01\/cropped-STVdeP_logoAsset-3@4x.png\" itemprop=\"image\" height=\"512\" width=\"512\" title=\"cropped-STVdeP_logoAsset-3@4x.png\" onerror=\"this.style.display='none'\"  \/>\n\t<style>\n::-webkit-scrollbar{\n\twidth: 0.8vw;\n    height: 0.8vw;\n\tbackground: #ffffff;\n}\n::-webkit-scrollbar-thumb{\n\tbackground: -webkit-linear-gradient(transparent,#272935);\n\tbackground: linear-gradient(transparent,#1e73be);\n\tborder-radius: 15px;\n}\n::-webkit-scrollbar-thumb:hover{\n\tbackground-color: #1e73be5;\n\tbackground-color: #1e73be;\n}\n<\/style>\n<h2>\n\t\tAsistencia\n\t<\/h2>\n\t\t\t<img decoding=\"async\" loading='false' src=\"https:\/\/www.svdpelpaso.com\/wp-content\/uploads\/2025\/01\/IMG_6679-rotated.jpeg\" alt=\"\" \/>\t\t\t\n\t<h2>Ama A Tu Vecino<\/h2>\n\t<p>Las personas que necesitan ayuda deben de contactar a su conferencia de San Vincnent De Paul o su Iglesia Cat\u00f3lica m\u00e1s cercana. adem\u00e1s, si desea ser voluntario, comun\u00edquese con una de estas conferencias.<\/p>\n\t<p>Potenciando el cambio juntos<\/p>\n\t\t\t\t<img loading=\"lazy\" decoding=\"async\" src=\"https:\/\/www.svdpelpaso.com\/wp-content\/uploads\/2023\/08\/pic-1.jpg\" alt=\"pic-1\" itemprop=\"image\" height=\"355\" width=\"500\" title=\"pic-1\" onerror=\"this.style.display='none'\"  \/>\n\t<h3>Join our mission &#8211; click below to volunteer and make a difference today!<\/h3>\n<hr \/>\n\n\t\t\t<a href=\"mailto:svdpelpaso@gmail.com\" target=\"_self\">\n\t\t\t\t\t\t\tEmail Ahora\n\t\t\t\t\t<\/a>\n\t<!DOCTYPE html>\n<html>\n  <head>\n    <title>PDF Example by Object Tag<\/title>\n  <\/head>\n  <body>\n    <object data=\n\"  https:\/\/www.svdpelpaso.com\/wp-content\/uploads\/2025\/07\/2025-SVDP-Conference-Assistance-List.pdf\"\n    width=\"100%\" height=\"800px\">\n      Unable to display PDF file. <a href=\n\"  https:\/\/www.svdpelpaso.com\/wp-content\/uploads\/2025\/01\/2024-25-SVDP-Conference-Assistance-List-copy.pdf\"\n      type=\"application\/pdf\">Download<\/a> instead.\n    <\/object>\n  <\/body>\n<\/html>\n\t<iframe src=\"https:\/\/www.google.com\/maps\/embed\/v1\/place?q=2104+N.+Piedras%2C+El+Paso%2C+Tx%2C+79930&#038;key=AIzaSyD09zQ9PNDNNy9TadMuzRV_UsPUoWKntt8\" aria-hidden=\"true\" title=\"STVdeP. El Paso\"><\/iframe>\n\t<p>POR FAVOR DONE SUS ART\u00cdCULOS NO DESEADOS A NUESTRA TIENDA DE SEGUNDA MANO <\/p>\n\n\t<p>Ubicacion: 2104 N. Piedras, El Paso, TX 79930.<\/p>\n<p>Hours: 8:30 am TO 5:30 pm &#8211; Monday Through Saturday .<\/p>\n<p>Llame al (915) 564-4357 para Coordinar la Recogida de Art\u00edculos Pesados<\/p>\n\t<p>\u00a9 2026 National Council of the U.S., Society of St. Vincent de Paul | National Office <a href=\"http:\/\/svdpusa.org\">svdpusa.org<\/a>.<\/p>","protected":false},"excerpt":{"rendered":"<p>Assistance Love Thy Neighbor Persons needing assistance should contact your nearest ST. Vincent DePaul Conference or your nearest Catholic Church. Also, if you would like to volunteer, please contact one of these conferences. Empowering change together Join our mission &#8211; click below to volunteer and make a difference today! Email Now PDF Example by Object&hellip;<\/p>","protected":false},"author":1,"featured_media":0,"parent":0,"menu_order":0,"comment_status":"closed","ping_status":"closed","template":"tpl-no-header-footer.php","meta":{"footnotes":""},"class_list":["post-267","page","type-page","status-publish","hentry"],"_links":{"self":[{"href":"https:\/\/www.svdpelpaso.com\/es\/wp-json\/wp\/v2\/pages\/267","targetHints":{"allow":["GET"]}}],"collection":[{"href":"https:\/\/www.svdpelpaso.com\/es\/wp-json\/wp\/v2\/pages"}],"about":[{"href":"https:\/\/www.svdpelpaso.com\/es\/wp-json\/wp\/v2\/types\/page"}],"author":[{"embeddable":true,"href":"https:\/\/www.svdpelpaso.com\/es\/wp-json\/wp\/v2\/users\/1"}],"replies":[{"embeddable":true,"href":"https:\/\/www.svdpelpaso.com\/es\/wp-json\/wp\/v2\/comments?post=267"}],"version-history":[{"count":23,"href":"https:\/\/www.svdpelpaso.com\/es\/wp-json\/wp\/v2\/pages\/267\/revisions"}],"predecessor-version":[{"id":548,"href":"https:\/\/www.svdpelpaso.com\/es\/wp-json\/wp\/v2\/pages\/267\/revisions\/548"}],"wp:attachment":[{"href":"https:\/\/www.svdpelpaso.com\/es\/wp-json\/wp\/v2\/media?parent=267"}],"curies":[{"name":"wp","href":"https:\/\/api.w.org\/{rel}","templated":true}]}}