{"id":307,"date":"2025-01-28T02:33:34","date_gmt":"2025-01-28T02:33:34","guid":{"rendered":"https:\/\/www.svdpelpaso.com\/?page_id=307"},"modified":"2026-01-15T02:39:50","modified_gmt":"2026-01-15T02:39:50","slug":"about-us","status":"publish","type":"page","link":"https:\/\/www.svdpelpaso.com\/es\/about-us\/","title":{"rendered":"Nosotros"},"content":{"rendered":"<img loading=\"lazy\" decoding=\"async\" src=\"https:\/\/www.svdpelpaso.com\/wp-content\/uploads\/2025\/01\/cropped-STVdeP_logoAsset-3@4x.png\" alt=\"https:\/\/www.svdpelpaso.com\/wp-content\/uploads\/2025\/01\/cropped-STVdeP_logoAsset-3@4x.png\" itemprop=\"image\" height=\"512\" width=\"512\" title=\"cropped-STVdeP_logoAsset-3@4x.png\" onerror=\"this.style.display='none'\"  \/>\n\t<style>\n::-webkit-scrollbar{\n\twidth: 0.8vw;\n    height: 0.8vw;\n\tbackground: #ffffff;\n}\n::-webkit-scrollbar-thumb{\n\tbackground: -webkit-linear-gradient(transparent,#272935);\n\tbackground: linear-gradient(transparent,#1e73be);\n\tborder-radius: 15px;\n}\n::-webkit-scrollbar-thumb:hover{\n\tbackground-color: #1e73be5;\n\tbackground-color: #1e73be;\n}\n<\/style>\n<h2>\n\t\tNosotros\n\t<\/h2>\n<h2>\n\t\tLa Misi\u00f3n de la Sociedad de St. Vincent de Paul\n\t<\/h2>\n<h2>\n\t\t&#8220;A network of friends, inspired by Gospel values, growing in<br \/>santidad y construcci\u00f3n de un mundo m\u00e1s justo a trav\u00e9s de la vida personal.<br \/>relationships with and service to people in need.&#8221;\n\t<\/h2>\n\t<h2>Who We Are<\/h2>\n\t<p>Inspirada por los valores del Evangelio, la Sociedad de St. Vicent de Pa\u00fal, una organizaci\u00f3n cat\u00f3lica laica, lleva a mujeres y hombres a unirse para crecer espiritualmente en ofreciendo servicio de persona a persona a aquellos que est\u00e1n necesitados y que sufren en la tradici\u00f3n de su fundador. , Beato Federico Ozanam y patr\u00f3n, San Vicente de Pa\u00fal.<\/p>\n<p>&nbsp;<\/p>\nComo reflejo de toda la familia de Dios, los miembros, conocidos como vicentinos, provienen de todos los or\u00edgenes \u00e9tnicos y culturales, grupos de edad y niveles econ\u00f3micos. Los vicentinos est\u00e1n unidos en una sociedad internacional de caridad por su esp\u00edritu de pobreza, humildad y participaci\u00f3n, que es<br \/>\nnourished by prayer and reflection, mutually supportive gatherings and adherence to a basic Rule.\nOrganized locally, Vincentians witness God&#8217;s love by embracing all works of charity and justice. The Society collaborates with other people of good<br \/>\nvoluntad para aliviar las necesidades y abordar sus causas, sin hacer distinci\u00f3n entre aquellos atendidos porque, en ellos, los vicencianos ven el rostro de Cristo.\n\t\t\t<img decoding=\"async\" loading='false' src=\"https:\/\/www.svdpelpaso.com\/wp-content\/uploads\/2025\/01\/Ribbon-Cutting-scaled.jpg\" alt=\"\" \/>\t\t\t\n\t<p>Que Hacemos<\/p>\n\t<h3>El Consejo Diocesano de la Sociedad de San Vicente de Pa\u00fal de El Paso (SVDP) es una organizaci\u00f3n cat\u00f3lica de voluntarios que brinda asistencia en El Paso a personas necesitadas:<\/h3>\n\t\t\t\t<img loading=\"lazy\" decoding=\"async\" src=\"https:\/\/www.svdpelpaso.com\/wp-content\/uploads\/2025\/01\/IMG_5559.jpeg\" alt=\"IMG_5559\" itemprop=\"image\" height=\"1536\" width=\"2048\" title=\"IMG_5559\" onerror=\"this.style.display='none'\"  \/>\n<h2>\n\t\tComida\n\t<\/h2>\n\t<p>El SVDP ofrece eventos de distribuci\u00f3n de alimentos y despensas con alimentos frescos y no perecederos para ayudar a las familias necesitadas.<\/p>\n\t\t\t\t<img loading=\"lazy\" decoding=\"async\" src=\"https:\/\/www.svdpelpaso.com\/wp-content\/uploads\/2025\/01\/pexels-julia-m-cameron-6995221-scaled.jpg\" alt=\"pexels-julia-m-cameron-6995221\" itemprop=\"image\" height=\"1707\" width=\"2560\" title=\"pexels-julia-m-cameron-6995221\" onerror=\"this.style.display='none'\"  \/>\n<h3>\n\t\tRopa\/Muebles\/Art\u00edculos para el hogar\n\t<\/h3>\n\t<p>El SVDP proporciona ropa, colchones, muebles y art\u00edculos para el hogar a trav\u00e9s de un programa de vales ministeriales a nivel diocesano. SVDP tambi\u00e9n vende ropa usada y otros art\u00edculos a la comunidad en The St. Vincent de Paul Thrift Store en 2104 N. Piedras a precios bajos.<\/p>\n<p>&nbsp;<\/p>\n\t\t\t\t<img loading=\"lazy\" decoding=\"async\" src=\"https:\/\/www.svdpelpaso.com\/wp-content\/uploads\/2023\/06\/money.jpg\" alt=\"money\" itemprop=\"image\" height=\"1335\" width=\"2000\" title=\"money\" onerror=\"this.style.display='none'\"  \/>\n<h2>\n\t\tAsistencia Financiera\n\t<\/h2>\n\t<p>El SVDP ayuda con los costos de alquiler, servicios p\u00fablicos y recetas de medicamento.<\/p>\n\t\t\t\t<img loading=\"lazy\" decoding=\"async\" src=\"https:\/\/www.svdpelpaso.com\/wp-content\/uploads\/2025\/01\/IMG_4536.jpg\" alt=\"When will they call us?\" itemprop=\"image\" height=\"407\" width=\"612\" title=\"When will they call us?\" onerror=\"this.style.display='none'\"  \/>\n<h2>\n\t\tAsistencia de Emergencia\n\t<\/h2>\n\t<p>El SVDP brinda asistencia de emergencia a viajeros en dificultades y familias sin hogar.<\/p>\n\t<p>The SVDP&#8217;s services are inspired by Gospel values and the vision of Bl. Fr\u00e9d\u00e9ric Ozanam, the Society&#8217;s founder and St. Vincent de Paul, the Society&#8217;s patron saint. In El Paso, the SVDP has been helping families since 1893.<\/p>\n<hr \/>\n<p>Join our mission &#8211; click below to volunteer and make a difference today.<\/p>\n\t\t\t<a href=\"mailto:svdpelpaso@gmail.com\" target=\"_self\">\n\t\t\t\t\t\t\tEmail Ahora\n\t\t\t\t\t<\/a>\n\t<iframe src=\"https:\/\/www.google.com\/maps\/embed\/v1\/place?q=2104+N.+Piedras%2C+El+Paso%2C+Tx%2C+79930&#038;key=AIzaSyD09zQ9PNDNNy9TadMuzRV_UsPUoWKntt8\" aria-hidden=\"true\" title=\"STVdeP. El Paso\"><\/iframe>\n\t<p>POR FAVOR DONE SUS ART\u00cdCULOS NO DESEADOS A NUESTRA TIENDA DE SEGUNDA MANO <\/p>\n\n\t<p>Ubicacion: 2104 N. Piedras, El Paso, TX 79930.<\/p>\n<p>Hours: 8:30 am TO 5:30 pm &#8211; Monday Through Saturday .<\/p>\n<p>Llame al (915) 564-4357 para Coordinar la Recogida de Art\u00edculos Pesados<\/p>\n\t<p>\u00a9 2026 National Council of the U.S., Society of St. Vincent de Paul | National Office <a href=\"http:\/\/svdpusa.org\">svdpusa.org<\/a>.<\/p>","protected":false},"excerpt":{"rendered":"<p>About Us The Mission of the Society of St. Vincent de Paul &#8220;A network of friends, inspired by Gospel values, growing inholiness and building a more just world through personalrelationships with and service to people in need.&#8221; Who We Are Inspired by Gospel values, the Society of St. Vincent de Paul, a Catholic lay organization,&hellip;<\/p>","protected":false},"author":1,"featured_media":0,"parent":0,"menu_order":0,"comment_status":"closed","ping_status":"closed","template":"tpl-no-header-footer.php","meta":{"footnotes":""},"class_list":["post-307","page","type-page","status-publish","hentry"],"_links":{"self":[{"href":"https:\/\/www.svdpelpaso.com\/es\/wp-json\/wp\/v2\/pages\/307","targetHints":{"allow":["GET"]}}],"collection":[{"href":"https:\/\/www.svdpelpaso.com\/es\/wp-json\/wp\/v2\/pages"}],"about":[{"href":"https:\/\/www.svdpelpaso.com\/es\/wp-json\/wp\/v2\/types\/page"}],"author":[{"embeddable":true,"href":"https:\/\/www.svdpelpaso.com\/es\/wp-json\/wp\/v2\/users\/1"}],"replies":[{"embeddable":true,"href":"https:\/\/www.svdpelpaso.com\/es\/wp-json\/wp\/v2\/comments?post=307"}],"version-history":[{"count":15,"href":"https:\/\/www.svdpelpaso.com\/es\/wp-json\/wp\/v2\/pages\/307\/revisions"}],"predecessor-version":[{"id":547,"href":"https:\/\/www.svdpelpaso.com\/es\/wp-json\/wp\/v2\/pages\/307\/revisions\/547"}],"wp:attachment":[{"href":"https:\/\/www.svdpelpaso.com\/es\/wp-json\/wp\/v2\/media?parent=307"}],"curies":[{"name":"wp","href":"https:\/\/api.w.org\/{rel}","templated":true}]}}