{"id":322,"date":"2026-01-12T18:58:01","date_gmt":"2026-01-12T18:58:01","guid":{"rendered":"https:\/\/www.svdpelpaso.com\/?page_id=322"},"modified":"2026-01-30T03:17:40","modified_gmt":"2026-01-30T03:17:40","slug":"charity-golf-tournament-2026","status":"publish","type":"page","link":"https:\/\/www.svdpelpaso.com\/es\/charity-golf-tournament-2026\/","title":{"rendered":"Charity Golf Tournament 2026"},"content":{"rendered":"<img loading=\"lazy\" decoding=\"async\" src=\"https:\/\/www.svdpelpaso.com\/wp-content\/uploads\/2025\/01\/cropped-STVdeP_logoAsset-3@4x.png\" alt=\"https:\/\/www.svdpelpaso.com\/wp-content\/uploads\/2025\/01\/cropped-STVdeP_logoAsset-3@4x.png\" itemprop=\"image\" height=\"512\" width=\"512\" title=\"cropped-STVdeP_logoAsset-3@4x.png\" onerror=\"this.style.display='none'\"  \/>\n\t<style>\n::-webkit-scrollbar{\n\twidth: 0.8vw;\n    height: 0.8vw;\n\tbackground: #ffffff;\n}\n::-webkit-scrollbar-thumb{\n\tbackground: -webkit-linear-gradient(transparent,#272935);\n\tbackground: linear-gradient(transparent,#1e73be);\n\tborder-radius: 15px;\n}\n::-webkit-scrollbar-thumb:hover{\n\tbackground-color: #1e73be5;\n\tbackground-color: #1e73be;\n}\n<\/style>\n<h2>\n\t\tCharity Golf Tournament 2026\n\t<\/h2>\n\t\t\t<img decoding=\"async\" loading='false' src=\"https:\/\/www.svdpelpaso.com\/wp-content\/uploads\/2025\/06\/IMG_7048-scaled.jpg\" alt=\"\" \/>\t\t\t\n\t\t\t<img decoding=\"async\" loading='false' src=\"https:\/\/www.svdpelpaso.com\/wp-content\/uploads\/2025\/06\/IMG_7089-scaled.jpg\" alt=\"\" \/>\t\t\t\n\t\t\t<img decoding=\"async\" loading='false' src=\"https:\/\/www.svdpelpaso.com\/wp-content\/uploads\/2025\/06\/IMG_7009-scaled.jpg\" alt=\"\" \/>\t\t\t\n\t\t\t<img decoding=\"async\" loading='false' src=\"https:\/\/www.svdpelpaso.com\/wp-content\/uploads\/2025\/06\/IMG_7093-scaled.jpg\" alt=\"\" \/>\t\t\t\n\t\t\t<img decoding=\"async\" loading='false' src=\"https:\/\/www.svdpelpaso.com\/wp-content\/uploads\/2025\/06\/IMG_7691.jpeg\" alt=\"\" \/>\t\t\t\n\t\t\t<img decoding=\"async\" loading='false' src=\"https:\/\/www.svdpelpaso.com\/wp-content\/uploads\/2025\/06\/IMG_7065-scaled.jpg\" alt=\"\" \/>\t\t\t\n\t<h2>Swing para el Cambio<\/h2>\n\t<p>Join us for the Society of St Vincent de Paul Charity Golf Tourtnament, an exciting day of golf dedicated to making a difference in our community.\u00a0 Whether you&#8217;re a seasoned pro or a casual player, this non-profit tournament offers the perfect opportunity to enjoy the game you love while supporting a meaningful cause. Proceeds from the event will directly benefit the\u00a0 St Vincent de Paul El Paso branch, helping us create a lasting impact where it&#8217;s needed most. Together, we can tee off for change and make every swing count!<\/p>\n\t<p>Don\u00b4t Wait &#8211; Sign Up Today!<\/p>\n<h2>\n\t\tStep 1 &#8211; Fill Out Our Form\n\t<\/h2>\n\t<ul>\n<li>Pueden inscribirse hasta cuatro jugadores por equipo; los precios correspondientes a cada categor\u00eda son los siguientes:\n<ul>\n<li><strong>Cuota de entrada<\/strong> es  $500 d\u00f3lares por cada equipo.<\/li>\n<li><strong>Patrocinador Oro<\/strong>: $5000, 2 equipos, patrocinadores de 2 hoyos, pancarta\/art\u00edculos promocionales de la empresa expuestos.<\/li>\n<li><strong>Patrocinador Plata<\/strong>: $2500 por equipo, patrocinadores de 2 hoyos.<\/li>\n<li><strong>Patrocinador Bronce<\/strong>: $1000 por equipo, patrocinio de un hoyo.<\/li>\n<li><strong>Patrocinador del tee de salida<\/strong>: $100 por hoyo<\/li>\n<\/ul>\n<\/li>\n<li>Revise las respectivas fechas, ubicaci\u00f3n y evento.\n<ul>\n<li><strong>Fecha del torneo<\/strong> &#8211; April 24, 2026<\/li>\n<li><strong>Fecha l\u00edmite para la inscripci\u00f3n<\/strong> -17 de abril de 2026<\/li>\n<\/ul>\n<\/li>\n<li>Para <strong>Entradas digitales:<\/strong>\n<ul>\n<li>Rellene el formulario que aparece en esta p\u00e1gina.<\/li>\n<li>Pay fee in the &#8216;Donate Now&#8217; link Step 2 with your tier amount.<\/li>\n<li>Cont\u00e1ctenos a trav\u00e9s de los m\u00e9todos indicados en el Paso 3 a continuaci\u00f3n para confirmar el registro del equipo.<\/li>\n<\/ul>\n<\/li>\n<li>Para <strong>Para inscripciones presenciales:<\/strong>\u00a0 aseg\u00farese de enviarlas f\u00edsicamente en persona por correo a nuestra direcci\u00f3n a continuaci\u00f3n o aseg\u00farese de comunicarse con Lucy Borrego para obtener m\u00e1s informaci\u00f3n.\n<ul>\n<li>Email: SVDPlborrego@outlook.com<\/li>\n<li>Telefono: 915-203-5013<\/li>\n<\/ul>\n<\/li>\n<\/ul>\n\t\t\t<a href=\"https:\/\/www.svdpelpaso.com\/wp-content\/uploads\/2026\/01\/SVDP-Flyer-2026.pdf\" target=\"_blank\" rel=\"noopener\">\n\t\t\t\t\t\t\tDescargue el PDF aqu\u00ed.\n\t\t\t\t\t<\/a>\n<h2>\n\t\tStep 2 &#8211; Pay Directly to Enter\n\t<\/h2>\n\t<ul>\n<li>Cuota de inscripci\u00f3n: $500 por equipo<\/li>\n<li>Revise y seleccione el nivel de patrocinador que mejor se adapte a su equipo.<\/li>\n<li>Haga clic en el bot\u00f3n a continuaci\u00f3n o escanee el c\u00f3digo QR en el formulario para pagar la respectiva entrada.<\/li>\n<\/ul>\n    <center>\n<form action=\"https:\/\/www.paypal.com\/donate\" method=\"post\" target=\"_top\">\n<input type=\"hidden\" name=\"hosted_button_id\" value=\"9WH2GNB6KADG6\" \/>\n<input type=\"image\" src=\"https:\/\/www.svdpelpaso.com\/wp-content\/uploads\/2025\/01\/STVdeP_logoAsset-6@4x.png\" width=\"130\" border=\"0\" name=\"submit\" title=\"PayPal - The safer, easier way to pay online!\" alt=\"Donate with PayPal button\" \/>\n<img loading=\"lazy\" decoding=\"async\" alt=\"\" border=\"0\" src=\"https:\/\/www.paypal.com\/en_US\/i\/scr\/pixel.gif\" width=\"1\" height=\"1\" \/>\n<\/form>\n<\/center>\n\t\n<h2>\n\t\t\u00bfNecesita ayuda?\n\t<\/h2>\n\t<ul>\n<li>Finalice su registro de entrada presencial poni\u00e9ndose en contacto con nosotros lo antes posible.<\/li>\n<li>To complete this, you may either contact Lucy Borrego via email (SVDPlborrego@outlook.com) or by phone (915-203-5013) as provided or\u00a0 accessed directly below:<\/li>\n<\/ul>\n\t\t\t<a href=\"tel:+1-915-203-5013\" target=\"_self\">\n\t\t\t\t\t\t\tPara llamar\n\t\t\t\t\t<\/a>\n\t\t\t<a href=\"mailto:svdpelpaso@gmail.com\" target=\"_self\">\n\t\t\t\t\t\t\tPara Email\n\t\t\t\t\t<\/a>\n\t<iframe src=\"https:\/\/www.google.com\/maps\/embed\/v1\/place?q=2104+N.+Piedras%2C+El+Paso%2C+Tx%2C+79930&#038;key=AIzaSyD09zQ9PNDNNy9TadMuzRV_UsPUoWKntt8\" aria-hidden=\"true\" title=\"STVdeP. El Paso\"><\/iframe>\n\t<p>POR FAVOR DONE SUS ART\u00cdCULOS NO DESEADOS A NUESTRA TIENDA DE SEGUNDA MANO <\/p>\n\n\t<p>Ubicacion: 2104 N. Piedras, El Paso, TX 79930.<\/p>\n<p>Hours: 8:30 am TO 4:30 pm &#8211; Monday Through Saturday .<\/p>\n<p>Call (915) 564-4357 to Arange Pickup of Heavy Items.<\/p>\n\t<p>\u00a9 2026 National Council of the U.S., Society of St. Vincent de Paul | National Office <a href=\"http:\/\/svdpusa.org\">svdpusa.org<\/a>.<\/p>","protected":false},"excerpt":{"rendered":"<p>Charity Golf Tournament 2026 Swing for Change Join us for the Society of St Vincent de Paul Charity Golf Tourtnament, an exciting day of golf dedicated to making a difference in our community.\u00a0 Whether you&#8217;re a seasoned pro or a casual player, this non-profit tournament offers the perfect opportunity to enjoy the game you love&hellip;<\/p>","protected":false},"author":1,"featured_media":0,"parent":0,"menu_order":0,"comment_status":"closed","ping_status":"closed","template":"tpl-no-header-footer.php","meta":{"footnotes":""},"class_list":["post-322","page","type-page","status-publish","hentry"],"_links":{"self":[{"href":"https:\/\/www.svdpelpaso.com\/es\/wp-json\/wp\/v2\/pages\/322","targetHints":{"allow":["GET"]}}],"collection":[{"href":"https:\/\/www.svdpelpaso.com\/es\/wp-json\/wp\/v2\/pages"}],"about":[{"href":"https:\/\/www.svdpelpaso.com\/es\/wp-json\/wp\/v2\/types\/page"}],"author":[{"embeddable":true,"href":"https:\/\/www.svdpelpaso.com\/es\/wp-json\/wp\/v2\/users\/1"}],"replies":[{"embeddable":true,"href":"https:\/\/www.svdpelpaso.com\/es\/wp-json\/wp\/v2\/comments?post=322"}],"version-history":[{"count":46,"href":"https:\/\/www.svdpelpaso.com\/es\/wp-json\/wp\/v2\/pages\/322\/revisions"}],"predecessor-version":[{"id":559,"href":"https:\/\/www.svdpelpaso.com\/es\/wp-json\/wp\/v2\/pages\/322\/revisions\/559"}],"wp:attachment":[{"href":"https:\/\/www.svdpelpaso.com\/es\/wp-json\/wp\/v2\/media?parent=322"}],"curies":[{"name":"wp","href":"https:\/\/api.w.org\/{rel}","templated":true}]}}